{"id":1316,"date":"2017-10-16T04:10:26","date_gmt":"2017-10-16T04:10:26","guid":{"rendered":"http:\/\/ninzio.com\/bauer\/?page_id=1316"},"modified":"2026-02-03T18:31:05","modified_gmt":"2026-02-03T18:31:05","slug":"about-us","status":"publish","type":"page","link":"https:\/\/serviciipsi.ro\/index.php\/about-us\/","title":{"rendered":"Despre noi"},"content":{"rendered":"<div class=\"wpb-content-wrapper\"><p>[vc_row css=&#8221;.vc_custom_1558754119849{background-image: url(http:\/\/serviciipsi.ro\/wp-content\/uploads\/2019\/05\/main-bg-1.png?id=8860) !important;background-position: center !important;background-repeat: no-repeat !important;background-size: cover !important;}&#8221; el_id=&#8221;first-row&#8221;][vc_column]\r\n\t<div class=\"bauer-spacer clearfix\" data-desktop=\"94\" data-mobi=\"60\" data-smobi=\"60\"><\/div>[vc_row_inner][vc_column_inner width=&#8221;1\/2&#8243;]<div class=\"bauer-single-heading clearfix \" style=\"margin-bottom:25px;\"><span class=\"inner\"><span class=\"heading clearfix \" style=\"font-weight:600;color:#cacaca;font-size:16px;\">\r\n\t\tBINE A\u021aI VENIT LA POWER MARCAT SYSTEM\r\n\t<\/span><\/span><\/div><h2 class=\"bauer-text clearfix \" style=\"font-size:42px;line-height:50px;margin-bottom:32px;\"><p>\u00cen\u021belegem importan\u021ba siguran\u021bei, profesionalismului<br data-start=\"452\" data-end=\"455\" \/>\u0219i solu\u021biilor tehnice moderne<\/p>\n<\/h2><div class=\"bauer-text clearfix \" style=\"font-size:18px;line-height:30px;color:#414042;margin-bottom:34px;\"><p>Power Marcat System este o companie specializat\u0103 \u00een servicii tehnice integrate pentru cl\u0103diri comerciale, industriale \u0219i reziden\u021biale, av\u00e2nd ca obiectiv principal siguran\u021ba, func\u021bionalitatea \u0219i conformitatea cu normele \u00een vigoare.<\/p>\n<\/div><div class=\"bauer-text clearfix \" style=\"\"><p data-start=\"1029\" data-end=\"1238\"><strong data-start=\"1029\" data-end=\"1238\">Am dezvoltat Power Marcat System pentru a oferi servicii fiabile \u0219i eficiente, combin\u00e2nd flexibilitatea unei echipe dedicate cu standarde profesionale ridicate, utilizate \u00een proiecte de orice complexitate.<\/strong><\/p>\n<p>O mare parte din colabor\u0103rile noastre sunt parteneriate pe termen lung, construite pe \u00eencredere, transparen\u021b\u0103 \u0219i rezultate dovedite \u00een timp.<\/p>\n<\/div>\r\n\t<div class=\"bauer-spacer clearfix\" data-desktop=\"60\" data-mobi=\"30\" data-smobi=\"30\"><\/div><div class=\"button-wrap icon-right\" style=\"\" ><a href=\"https:\/\/ninzio.com\/bauer\/services\/\" target=\"_self\" class=\"bauer-button btn-1329019349 medium no_icon custom outline solid outline-accent\" style=\"border-radius:30px;border-width:2px;\"  data-background=\"\" data-text=\"#f35c27\" data-text-hover=\"#ffffff\" data-background-hover=\"#f35c27\">\r\n\t\t<span style=\"\">Afl\u0103 mai multe <\/span>\r\n\t<\/a><\/div>[\/vc_column_inner][vc_column_inner width=&#8221;1\/2&#8243;]\r\n\t<div class=\"bauer-spacer clearfix\" data-desktop=\"55\" data-mobi=\"40\" data-smobi=\"40\"><\/div><div class=\"bauer-simple-image text-center\" style=\"\" >\r\n\t\t\t<img decoding=\"async\" alt=\"image\" src=\"https:\/\/serviciipsi.ro\/wp-content\/uploads\/2026\/02\/grupuri-.jpg\" \/> \r\n\t\t<\/div><div class=\"bauer-simple-image text-center\" style=\"\" >\r\n\t\t\t<img decoding=\"async\" alt=\"image\" src=\"https:\/\/serviciipsi.ro\/wp-content\/uploads\/2026\/02\/diesel-fire-pump.jpg\" \/> \r\n\t\t<\/div>[\/vc_column_inner][\/vc_row_inner]\r\n\t<div class=\"bauer-spacer clearfix\" data-desktop=\"100\" data-mobi=\"60\" data-smobi=\"60\"><\/div>[\/vc_column][\/vc_row][vc_row img_halfrow=&#8221;simple&#8221; halfrow_image=&#8221;9388&#8243; img_columns=&#8221;6columns&#8221; img_position=&#8221;imgleft&#8221; image_video=&#8221;https:\/\/www.youtube.com\/watch?v=lixom5XWNf0&#8243; css=&#8221;.vc_custom_1770138317117{background-color: #f7f9fa !important;}&#8221;][vc_column width=&#8221;1\/2&#8243;][\/vc_column][vc_column width=&#8221;1\/2&#8243;]<div class=\"bauer-content-box clearfix \" data-padding=\"0% 0% 0% 20%\" data-mobipadding=\"0% 0% 0% 0%\" data-margin=\"\" data-mobimargin=\"\" >\r\n\t\t<div class=\"inner ctb-379301009\" style=\"\"  data-background=\"\">\r\n\t\t\t\r\n\t<div class=\"bauer-spacer clearfix\" data-desktop=\"45\" data-mobi=\"45\" data-smobi=\"45\"><\/div><div class=\"bauer-single-heading clearfix \" style=\"margin-bottom:24px;\"><span class=\"inner\"><span class=\"heading clearfix \" style=\"font-weight:600;color:#777777;font-size:16px;\">\r\n\t\tEXPERTIZ\u0102 \u0218I COMPETEN\u021a\u0102 PSI\r\n\t<\/span><\/span><\/div><h2 class=\"bauer-text clearfix \" style=\"font-size:42px;line-height:50px;margin-bottom:30px;\"><p>Expertiz\u0103, disciplin\u0103<br data-start=\"862\" data-end=\"865\" \/>\u0219i precizie \u00een sisteme PSI<\/p>\n<\/h2><div class=\"bauer-text clearfix \" style=\"color:#414042;\"><p>Servicii PSI, divizie a Power Marcat System, ofer\u0103 solu\u021bii complete de protec\u021bie la incendiu pentru cl\u0103diri comerciale, industriale \u0219i logistice, respect\u00e2nd normele ISU \u0219i standardele tehnice \u00een vigoare. Asigur\u0103m proiectare, instalare, mentenan\u021b\u0103 \u0219i verific\u0103ri periodice ale sistemelor PSI.<\/p>\n<\/div>\r\n\t<div class=\"bauer-spacer clearfix\" data-desktop=\"37\" data-mobi=\"37\" data-smobi=\"37\"><\/div>\r\n\t<div class=\"bauer-progress clearfix \" style=\"margin-bottom:22px;\"><h3 class=\"title\" style=\"font-weight:500;color:#030f27;font-size:15px;\">Instala\u021bii hidran\u021bi interiori &amp; exteriori<\/h3> <div class=\"perc-wrap\" style=\"font-weight:500;color:#030f27;font-size:15px;\"><div class=\"perc  accent\" style=\"\"><span>80%<\/span><\/div><\/div>\r\n\t\t<div class=\"progress-wrap\" style=\"background-color:#cccccc;margin-top:10px;\">\r\n\t\t\t<div class=\"progress-animate  accent\" data-valuemax=\"100\" data-valuemin=\"0\" data-valuenow=\"80\" style=\"height:5px;\">\r\n\t\t\t<\/div>\r\n\t\t<\/div>\r\n\t<\/div>\r\n\t<div class=\"bauer-progress clearfix \" style=\"margin-bottom:22px;\"><h3 class=\"title\" style=\"font-weight:500;color:#030f27;font-size:15px;\">Sisteme sprinklere &amp; stingere<\/h3> <div class=\"perc-wrap\" style=\"font-weight:500;color:#030f27;font-size:15px;\"><div class=\"perc  accent\" style=\"\"><span>70%<\/span><\/div><\/div>\r\n\t\t<div class=\"progress-wrap\" style=\"background-color:#cccccc;margin-top:10px;\">\r\n\t\t\t<div class=\"progress-animate  accent\" data-valuemax=\"100\" data-valuemin=\"0\" data-valuenow=\"70\" style=\"height:5px;\">\r\n\t\t\t<\/div>\r\n\t\t<\/div>\r\n\t<\/div>\r\n\t<div class=\"bauer-progress clearfix \" style=\"\"><h3 class=\"title\" style=\"font-weight:500;color:#030f27;font-size:15px;\">Grupuri de pompare incendiu<\/h3> <div class=\"perc-wrap\" style=\"font-weight:500;color:#030f27;font-size:15px;\"><div class=\"perc  accent\" style=\"\"><span>90%<\/span><\/div><\/div>\r\n\t\t<div class=\"progress-wrap\" style=\"background-color:#cccccc;margin-top:10px;\">\r\n\t\t\t<div class=\"progress-animate  accent\" data-valuemax=\"100\" data-valuemin=\"0\" data-valuenow=\"90\" style=\"height:5px;\">\r\n\t\t\t<\/div>\r\n\t\t<\/div>\r\n\t<\/div>\r\n\t<div class=\"bauer-spacer clearfix\" data-desktop=\"80\" data-mobi=\"60\" data-smobi=\"60\"><\/div>\r\n\t\t<\/div>\r\n\t<\/div>[\/vc_column][\/vc_row][vc_row css=&#8221;.vc_custom_1557825100635{background-image: url(http:\/\/serviciipsi.ro\/wp-content\/uploads\/2019\/05\/section-bg1-2.png?id=8072) !important;background-position: center !important;background-repeat: no-repeat !important;background-size: cover !important;}&#8221;][vc_column]\r\n\t<div class=\"bauer-spacer clearfix\" data-desktop=\"94\" data-mobi=\"60\" data-smobi=\"60\"><\/div>[vc_row_inner][vc_column_inner width=&#8221;1\/2&#8243;]<div class=\"bauer-single-heading clearfix \" style=\"margin-bottom:25px;\"><span class=\"inner\"><span class=\"heading clearfix \" style=\"font-weight:600;color:#777777;font-size:16px;\">\r\n\t\tCOMPANIA NOASTRA\r\n\t<\/span><\/span><\/div><h2 class=\"bauer-text clearfix \" style=\"font-size:42px;line-height:50px;color:#030f27;\"><p>R\u0103m\u00e2nem la zi cu cele mai noi tehnologii \u0219i sisteme PSI<\/p>\n<\/h2>[\/vc_column_inner][vc_column_inner width=&#8221;1\/2&#8243;]\r\n\t<div class=\"bauer-spacer clearfix\" data-desktop=\"52\" data-mobi=\"30\" data-smobi=\"30\"><\/div><div class=\"bauer-text clearfix \" style=\"font-size:18px;line-height:30px;color:#414042;\"><p data-start=\"556\" data-end=\"822\"><strong data-start=\"556\" data-end=\"822\">Oferim solu\u021bii PSI complete, adaptate fiec\u0103rui tip de cl\u0103dire, respect\u00e2nd cerin\u021bele ISU \u0219i standardele tehnice actuale. Ne concentr\u0103m pe siguran\u021b\u0103, fiabilitate \u0219i execu\u021bie corect\u0103, utiliz\u00e2nd echipamente certificate \u0219i tehnologii moderne de protec\u021bie la incendiu.<\/strong><\/p>\n<\/div>[\/vc_column_inner][\/vc_row_inner]\r\n\t<div class=\"bauer-spacer clearfix\" data-desktop=\"70\" data-mobi=\"50\" data-smobi=\"50\"><\/div>[vc_row_inner][vc_column_inner width=&#8221;1\/3&#8243;]<div class=\"bauer-icon-box clearfix icon-left align-left hover-style-1 simple\" style=\"background-color:#ffffff;padding:25px 25px 27px;border-radius:5px;border:1px solid #e7e7e7;\" ><div class=\"hover\" style=\"border-radius:5px;background-image:url(https:\/\/serviciipsi.ro\/wp-content\/uploads\/2026\/02\/iconbox-small-bg1.jpg);\"><\/div><div class=\"wrap-inner\" style=\"position: relative;\"><div class=\"bauer-icon icon-325966295 accent custom\"  data-background=\"\">\r\n\t\t\t\t<span class=\"icon\" style=\"font-size:50px;width:50px;height:50px;border-style:solid;line-height:50px;\"><i class=\"vc_li vc_li-fire\"><\/i><\/span>\r\n\t\t\t<\/div> <h3 class=\"heading \" style=\"padding-left:75px;font-size:20px;line-height:24px;margin-bottom:12px;\">\r\n\t\t\t<span>Instala\u021bii hidran\u021bi interiori \u0219i exteriori<\/span>\r\n\t\t<\/h3><div class=\"desc\" style=\"padding-left:75px;\"><p data-start=\"973\" data-end=\"1126\">Proiectare, montaj \u0219i mentenan\u021b\u0103 pentru instala\u021bii de hidran\u021bi, conforme normelor PSI \u0219i cerin\u021belor ISU.<\/p>\n<\/div> <div class=\"hover\" style=\"border-radius:5px;background-image:url(https:\/\/serviciipsi.ro\/wp-content\/uploads\/2026\/02\/iconbox-small-bg1.jpg);\"><\/div><\/div><\/div>\r\n\t<div class=\"bauer-spacer clearfix\" data-desktop=\"0\" data-mobi=\"30\" data-smobi=\"30\"><\/div>[\/vc_column_inner][vc_column_inner width=&#8221;1\/3&#8243;]<div class=\"bauer-icon-box clearfix icon-left align-left hover-style-1 simple\" style=\"background-color:#ffffff;padding:25px 25px 27px;border-radius:5px;border:1px solid #e7e7e7;\" ><div class=\"hover\" style=\"border-radius:5px;background-image:url(https:\/\/serviciipsi.ro\/wp-content\/uploads\/2026\/02\/iconbox-small-bg2.jpg);\"><\/div><div class=\"wrap-inner\" style=\"position: relative;\"><div class=\"bauer-icon icon-1554441156 accent custom\"  data-background=\"\">\r\n\t\t\t\t<span class=\"icon\" style=\"font-size:50px;width:50px;height:50px;border-style:solid;line-height:50px;\"><i class=\"entypo-icon entypo-icon-water\"><\/i><\/span>\r\n\t\t\t<\/div> <h3 class=\"heading \" style=\"padding-left:75px;font-size:20px;line-height:24px;margin-bottom:12px;\">\r\n\t\t\t<span>Sisteme sprinklere \u0219i stingere incendiu<\/span>\r\n\t\t<\/h3><div class=\"desc\" style=\"padding-left:75px;\"><p data-start=\"1157\" data-end=\"1306\">Solu\u021bii automate de stingere pentru hale, depozite \u0219i spa\u021bii comerciale, adaptate riscului de incendiu.<\/p>\n<\/div> <div class=\"hover\" style=\"border-radius:5px;background-image:url(https:\/\/serviciipsi.ro\/wp-content\/uploads\/2026\/02\/iconbox-small-bg2.jpg);\"><\/div><\/div><\/div>\r\n\t<div class=\"bauer-spacer clearfix\" data-desktop=\"0\" data-mobi=\"30\" data-smobi=\"30\"><\/div>[\/vc_column_inner][vc_column_inner width=&#8221;1\/3&#8243;]<div class=\"bauer-icon-box clearfix icon-left align-left hover-style-1 simple\" style=\"background-color:#ffffff;padding:25px 25px 27px;border-radius:5px;border:1px solid #e7e7e7;\" ><div class=\"hover\" style=\"border-radius:5px;background-image:url(https:\/\/serviciipsi.ro\/wp-content\/uploads\/2026\/02\/iconbox-small-bg3.jpg);\"><\/div><div class=\"wrap-inner\" style=\"position: relative;\"><div class=\"bauer-icon icon-1665669096 accent custom\"  data-background=\"\">\r\n\t\t\t\t<span class=\"icon\" style=\"font-size:50px;width:50px;height:50px;border-style:solid;line-height:50px;\"><i class=\"vc_li vc_li-settings\"><\/i><\/span>\r\n\t\t\t<\/div> <h3 class=\"heading \" style=\"padding-left:75px;font-size:20px;line-height:24px;margin-bottom:12px;\">\r\n\t\t\t<span>Grupuri de pompare incendiu<\/span>\r\n\t\t<\/h3><div class=\"desc\" style=\"padding-left:75px;\"><p data-start=\"1342\" data-end=\"1498\">Instalare, testare \u0219i \u00eentre\u021binere grupuri de pompare pentru asigurarea debitului \u0219i presiunii necesare \u00een caz de incendiu.<\/p>\n<\/div> <div class=\"hover\" style=\"border-radius:5px;background-image:url(https:\/\/serviciipsi.ro\/wp-content\/uploads\/2026\/02\/iconbox-small-bg3.jpg);\"><\/div><\/div><\/div>[\/vc_column_inner][\/vc_row_inner]\r\n\t<div class=\"bauer-spacer clearfix\" data-desktop=\"100\" data-mobi=\"60\" data-smobi=\"60\"><\/div>[\/vc_column][\/vc_row]<\/p>\n<\/div>","protected":false},"excerpt":{"rendered":"<p>[vc_row css=&#8221;.vc_custom_1558754119849{background-image: url(http:\/\/serviciipsi.ro\/wp-content\/uploads\/2019\/05\/main-bg-1.png?id=8860) !important;background-position: center !important;background-repeat: no-repeat !important;background-size: cover !important;}&#8221; el_id=&#8221;first-row&#8221;][vc_column][vc_row_inner][vc_column_inner width=&#8221;1\/2&#8243;][\/vc_column_inner][vc_column_inner width=&#8221;1\/2&#8243;][\/vc_column_inner][\/vc_row_inner][\/vc_column][\/vc_row][vc_row img_halfrow=&#8221;simple&#8221; halfrow_image=&#8221;9388&#8243; img_columns=&#8221;6columns&#8221; img_position=&#8221;imgleft&#8221; image_video=&#8221;https:\/\/www.youtube.com\/watch?v=lixom5XWNf0&#8243; css=&#8221;.vc_custom_1770138317117{background-color: #f7f9fa !important;}&#8221;][vc_column width=&#8221;1\/2&#8243;][\/vc_column][vc_column width=&#8221;1\/2&#8243;][\/vc_column][\/vc_row][vc_row css=&#8221;.vc_custom_1557825100635{background-image: url(http:\/\/serviciipsi.ro\/wp-content\/uploads\/2019\/05\/section-bg1-2.png?id=8072) !important;background-position: center !important;background-repeat: no-repeat !important;background-size: cover !important;}&#8221;][vc_column][vc_row_inner][vc_column_inner width=&#8221;1\/2&#8243;][\/vc_column_inner][vc_column_inner width=&#8221;1\/2&#8243;][\/vc_column_inner][\/vc_row_inner][vc_row_inner][vc_column_inner width=&#8221;1\/3&#8243;][\/vc_column_inner][vc_column_inner width=&#8221;1\/3&#8243;][\/vc_column_inner][vc_column_inner width=&#8221;1\/3&#8243;][\/vc_column_inner][\/vc_row_inner][\/vc_column][\/vc_row]<\/p>\n","protected":false},"author":1,"featured_media":0,"parent":0,"menu_order":0,"comment_status":"closed","ping_status":"closed","template":"","meta":{"_joinchat":[],"footnotes":""},"class_list":["post-1316","page","type-page","status-publish","hentry"],"yoast_head":"<!-- This site is optimized with the Yoast SEO plugin v26.9 - https:\/\/yoast.com\/product\/yoast-seo-wordpress\/ -->\n<title>Despre noi | Servicii PSI \u2013 Instala\u021bii Incendiu<\/title>\n<meta name=\"description\" content=\"Oferim servicii PSI complete: instala\u021bii incendiu, sprinklere, hidran\u021bi, mentenan\u021b\u0103 \u0219i avizare ISU.\" \/>\n<meta name=\"robots\" content=\"index, follow, max-snippet:-1, max-image-preview:large, max-video-preview:-1\" \/>\n<link rel=\"canonical\" href=\"https:\/\/serviciipsi.ro\/index.php\/about-us\/\" \/>\n<meta property=\"og:locale\" content=\"en_US\" \/>\n<meta property=\"og:type\" content=\"article\" \/>\n<meta property=\"og:title\" content=\"Despre noi | Servicii PSI \u2013 Instala\u021bii Incendiu\" \/>\n<meta property=\"og:description\" content=\"Oferim servicii PSI complete: instala\u021bii incendiu, sprinklere, hidran\u021bi, mentenan\u021b\u0103 \u0219i avizare ISU.\" \/>\n<meta property=\"og:url\" content=\"https:\/\/serviciipsi.ro\/index.php\/about-us\/\" \/>\n<meta property=\"og:site_name\" content=\"Servicii PSI\" \/>\n<meta property=\"article:modified_time\" content=\"2026-02-03T18:31:05+00:00\" \/>\n<meta name=\"twitter:card\" content=\"summary_large_image\" \/>\n<meta name=\"twitter:label1\" content=\"Est. reading time\" \/>\n\t<meta name=\"twitter:data1\" content=\"5 minutes\" \/>\n<script type=\"application\/ld+json\" class=\"yoast-schema-graph\">{\"@context\":\"https:\/\/schema.org\",\"@graph\":[{\"@type\":\"WebPage\",\"@id\":\"https:\/\/serviciipsi.ro\/index.php\/about-us\/\",\"url\":\"https:\/\/serviciipsi.ro\/index.php\/about-us\/\",\"name\":\"Despre noi | Servicii PSI \u2013 Instala\u021bii Incendiu\",\"isPartOf\":{\"@id\":\"https:\/\/serviciipsi.ro\/#website\"},\"datePublished\":\"2017-10-16T04:10:26+00:00\",\"dateModified\":\"2026-02-03T18:31:05+00:00\",\"description\":\"Oferim servicii PSI complete: instala\u021bii incendiu, sprinklere, hidran\u021bi, mentenan\u021b\u0103 \u0219i avizare ISU.\",\"breadcrumb\":{\"@id\":\"https:\/\/serviciipsi.ro\/index.php\/about-us\/#breadcrumb\"},\"inLanguage\":\"en-US\",\"potentialAction\":[{\"@type\":\"ReadAction\",\"target\":[\"https:\/\/serviciipsi.ro\/index.php\/about-us\/\"]}]},{\"@type\":\"BreadcrumbList\",\"@id\":\"https:\/\/serviciipsi.ro\/index.php\/about-us\/#breadcrumb\",\"itemListElement\":[{\"@type\":\"ListItem\",\"position\":1,\"name\":\"Home\",\"item\":\"https:\/\/serviciipsi.ro\/\"},{\"@type\":\"ListItem\",\"position\":2,\"name\":\"Despre noi\"}]},{\"@type\":\"WebSite\",\"@id\":\"https:\/\/serviciipsi.ro\/#website\",\"url\":\"https:\/\/serviciipsi.ro\/\",\"name\":\"Servicii PSI\",\"description\":\"\",\"publisher\":{\"@id\":\"https:\/\/serviciipsi.ro\/#organization\"},\"potentialAction\":[{\"@type\":\"SearchAction\",\"target\":{\"@type\":\"EntryPoint\",\"urlTemplate\":\"https:\/\/serviciipsi.ro\/?s={search_term_string}\"},\"query-input\":{\"@type\":\"PropertyValueSpecification\",\"valueRequired\":true,\"valueName\":\"search_term_string\"}}],\"inLanguage\":\"en-US\"},{\"@type\":\"Organization\",\"@id\":\"https:\/\/serviciipsi.ro\/#organization\",\"name\":\"Servicii PSI\",\"url\":\"https:\/\/serviciipsi.ro\/\",\"logo\":{\"@type\":\"ImageObject\",\"inLanguage\":\"en-US\",\"@id\":\"https:\/\/serviciipsi.ro\/#\/schema\/logo\/image\/\",\"url\":\"https:\/\/serviciipsi.ro\/wp-content\/uploads\/2026\/02\/logomargineneagra-01.png\",\"contentUrl\":\"https:\/\/serviciipsi.ro\/wp-content\/uploads\/2026\/02\/logomargineneagra-01.png\",\"width\":2550,\"height\":3300,\"caption\":\"Servicii PSI\"},\"image\":{\"@id\":\"https:\/\/serviciipsi.ro\/#\/schema\/logo\/image\/\"}}]}<\/script>\n<!-- \/ Yoast SEO plugin. -->","yoast_head_json":{"title":"Despre noi | Servicii PSI \u2013 Instala\u021bii Incendiu","description":"Oferim servicii PSI complete: instala\u021bii incendiu, sprinklere, hidran\u021bi, mentenan\u021b\u0103 \u0219i avizare ISU.","robots":{"index":"index","follow":"follow","max-snippet":"max-snippet:-1","max-image-preview":"max-image-preview:large","max-video-preview":"max-video-preview:-1"},"canonical":"https:\/\/serviciipsi.ro\/index.php\/about-us\/","og_locale":"en_US","og_type":"article","og_title":"Despre noi | Servicii PSI \u2013 Instala\u021bii Incendiu","og_description":"Oferim servicii PSI complete: instala\u021bii incendiu, sprinklere, hidran\u021bi, mentenan\u021b\u0103 \u0219i avizare ISU.","og_url":"https:\/\/serviciipsi.ro\/index.php\/about-us\/","og_site_name":"Servicii PSI","article_modified_time":"2026-02-03T18:31:05+00:00","twitter_card":"summary_large_image","twitter_misc":{"Est. reading time":"5 minutes"},"schema":{"@context":"https:\/\/schema.org","@graph":[{"@type":"WebPage","@id":"https:\/\/serviciipsi.ro\/index.php\/about-us\/","url":"https:\/\/serviciipsi.ro\/index.php\/about-us\/","name":"Despre noi | Servicii PSI \u2013 Instala\u021bii Incendiu","isPartOf":{"@id":"https:\/\/serviciipsi.ro\/#website"},"datePublished":"2017-10-16T04:10:26+00:00","dateModified":"2026-02-03T18:31:05+00:00","description":"Oferim servicii PSI complete: instala\u021bii incendiu, sprinklere, hidran\u021bi, mentenan\u021b\u0103 \u0219i avizare ISU.","breadcrumb":{"@id":"https:\/\/serviciipsi.ro\/index.php\/about-us\/#breadcrumb"},"inLanguage":"en-US","potentialAction":[{"@type":"ReadAction","target":["https:\/\/serviciipsi.ro\/index.php\/about-us\/"]}]},{"@type":"BreadcrumbList","@id":"https:\/\/serviciipsi.ro\/index.php\/about-us\/#breadcrumb","itemListElement":[{"@type":"ListItem","position":1,"name":"Home","item":"https:\/\/serviciipsi.ro\/"},{"@type":"ListItem","position":2,"name":"Despre noi"}]},{"@type":"WebSite","@id":"https:\/\/serviciipsi.ro\/#website","url":"https:\/\/serviciipsi.ro\/","name":"Servicii PSI","description":"","publisher":{"@id":"https:\/\/serviciipsi.ro\/#organization"},"potentialAction":[{"@type":"SearchAction","target":{"@type":"EntryPoint","urlTemplate":"https:\/\/serviciipsi.ro\/?s={search_term_string}"},"query-input":{"@type":"PropertyValueSpecification","valueRequired":true,"valueName":"search_term_string"}}],"inLanguage":"en-US"},{"@type":"Organization","@id":"https:\/\/serviciipsi.ro\/#organization","name":"Servicii PSI","url":"https:\/\/serviciipsi.ro\/","logo":{"@type":"ImageObject","inLanguage":"en-US","@id":"https:\/\/serviciipsi.ro\/#\/schema\/logo\/image\/","url":"https:\/\/serviciipsi.ro\/wp-content\/uploads\/2026\/02\/logomargineneagra-01.png","contentUrl":"https:\/\/serviciipsi.ro\/wp-content\/uploads\/2026\/02\/logomargineneagra-01.png","width":2550,"height":3300,"caption":"Servicii PSI"},"image":{"@id":"https:\/\/serviciipsi.ro\/#\/schema\/logo\/image\/"}}]}},"_hostinger_reach_plugin_has_subscription_block":false,"_hostinger_reach_plugin_is_elementor":false,"jetpack_sharing_enabled":true,"_links":{"self":[{"href":"https:\/\/serviciipsi.ro\/index.php\/wp-json\/wp\/v2\/pages\/1316","targetHints":{"allow":["GET"]}}],"collection":[{"href":"https:\/\/serviciipsi.ro\/index.php\/wp-json\/wp\/v2\/pages"}],"about":[{"href":"https:\/\/serviciipsi.ro\/index.php\/wp-json\/wp\/v2\/types\/page"}],"author":[{"embeddable":true,"href":"https:\/\/serviciipsi.ro\/index.php\/wp-json\/wp\/v2\/users\/1"}],"replies":[{"embeddable":true,"href":"https:\/\/serviciipsi.ro\/index.php\/wp-json\/wp\/v2\/comments?post=1316"}],"version-history":[{"count":12,"href":"https:\/\/serviciipsi.ro\/index.php\/wp-json\/wp\/v2\/pages\/1316\/revisions"}],"predecessor-version":[{"id":9532,"href":"https:\/\/serviciipsi.ro\/index.php\/wp-json\/wp\/v2\/pages\/1316\/revisions\/9532"}],"wp:attachment":[{"href":"https:\/\/serviciipsi.ro\/index.php\/wp-json\/wp\/v2\/media?parent=1316"}],"curies":[{"name":"wp","href":"https:\/\/api.w.org\/{rel}","templated":true}]}}